{"id":3,"date":"2022-07-27T15:32:43","date_gmt":"2022-07-27T13:32:43","guid":{"rendered":"http:\/\/fonciere-reseaux.fr\/?page_id=3"},"modified":"2022-08-27T13:59:15","modified_gmt":"2022-08-27T11:59:15","slug":"politique-de-confidentialite","status":"publish","type":"page","link":"https:\/\/fonciere-reseaux.fr\/index.php\/politique-de-confidentialite\/","title":{"rendered":"Politique de confidentialit\u00e9"},"content":{"rendered":"\t\t<div data-elementor-type=\"wp-page\" data-elementor-id=\"3\" class=\"elementor elementor-3\">\n\t\t\t\t\t\t\t\t\t<section class=\"elementor-section elementor-top-section elementor-element elementor-element-41405a63 elementor-section-boxed elementor-section-height-default elementor-section-height-default\" data-id=\"41405a63\" data-element_type=\"section\" data-settings=\"{&quot;background_background&quot;:&quot;classic&quot;}\">\n\t\t\t\t\t\t<div class=\"elementor-container elementor-column-gap-default\">\n\t\t\t\t\t<div class=\"elementor-column elementor-col-100 elementor-top-column elementor-element elementor-element-3b7c9008\" data-id=\"3b7c9008\" data-element_type=\"column\">\n\t\t\t<div class=\"elementor-widget-wrap elementor-element-populated\">\n\t\t\t\t\t\t\t\t<div class=\"elementor-element elementor-element-b564481 elementor-widget elementor-widget-heading\" data-id=\"b564481\" data-element_type=\"widget\" data-widget_type=\"heading.default\">\n\t\t\t\t<div class=\"elementor-widget-container\">\n\t\t\t<style>\/*! elementor - v3.7.1 - 14-08-2022 *\/\n.elementor-heading-title{padding:0;margin:0;line-height:1}.elementor-widget-heading .elementor-heading-title[class*=elementor-size-]>a{color:inherit;font-size:inherit;line-height:inherit}.elementor-widget-heading .elementor-heading-title.elementor-size-small{font-size:15px}.elementor-widget-heading .elementor-heading-title.elementor-size-medium{font-size:19px}.elementor-widget-heading .elementor-heading-title.elementor-size-large{font-size:29px}.elementor-widget-heading .elementor-heading-title.elementor-size-xl{font-size:39px}.elementor-widget-heading .elementor-heading-title.elementor-size-xxl{font-size:59px}<\/style><h2 class=\"elementor-heading-title elementor-size-default\">Politique de Confidentialit\u00e9<\/h2>\t\t<\/div>\n\t\t\t\t<\/div>\n\t\t\t\t<div class=\"elementor-element elementor-element-89ad90e elementor-widget elementor-widget-text-editor\" data-id=\"89ad90e\" data-element_type=\"widget\" data-widget_type=\"text-editor.default\">\n\t\t\t\t<div class=\"elementor-widget-container\">\n\t\t\t<style>\/*! elementor - v3.7.1 - 14-08-2022 *\/\n.elementor-widget-text-editor.elementor-drop-cap-view-stacked .elementor-drop-cap{background-color:#818a91;color:#fff}.elementor-widget-text-editor.elementor-drop-cap-view-framed .elementor-drop-cap{color:#818a91;border:3px solid;background-color:transparent}.elementor-widget-text-editor:not(.elementor-drop-cap-view-default) .elementor-drop-cap{margin-top:8px}.elementor-widget-text-editor:not(.elementor-drop-cap-view-default) .elementor-drop-cap-letter{width:1em;height:1em}.elementor-widget-text-editor .elementor-drop-cap{float:left;text-align:center;line-height:1;font-size:50px}.elementor-widget-text-editor .elementor-drop-cap-letter{display:inline-block}<\/style>\t\t\t\t<!-- wp:heading -->\n<ol>\n<li>\n<h2>Collecte de l\u2019information<\/h2>\n<\/li>\n<\/ol>\n<p><br \/>Nous recueillons des informations lorsque vous compl\u00e9tez un formulaire sur notre site. Les informations recueillies incluent votre nom, votre pr\u00e9nom, votre num\u00e9ro de t\u00e9l\u00e9phone, votre adresse e-mail et le nom de votre soci\u00e9t\u00e9.<br \/>En outre, nous recevons et enregistrons automatiquement des informations \u00e0 partir de votre ordinateur et navigateur, y compris votre adresse IP, vos logiciels et votre mat\u00e9riel, et la page que vous demandez.<\/p>\n<p>\u00a0<\/p>\n<ol start=\"2\">\n<li>\n<h2>Utilisation des informations<\/h2>\n<\/li>\n<\/ol>\n<p>\u00a0<\/p>\n<p>Toutes les informations que nous recueillons aupr\u00e8s de vous peuvent \u00eatre utilis\u00e9es pour :<\/p>\n<ul>\n<li>Personnaliser votre exp\u00e9rience et r\u00e9pondre \u00e0 vos besoins individuels<\/li>\n<li>Fournir un contenu publicitaire personnalis\u00e9<\/li>\n<li>Am\u00e9liorer notre site Web<\/li>\n<li>Am\u00e9liorer le service client et vos besoins de prise en charge Vous contacter par e-mail<\/li>\n<li>Administrer un concours, une promotion, ou une enqu\u00eate<\/li>\n<\/ul>\n<p>\u00a0<\/p>\n<ol start=\"3\">\n<li>\n<h2>Confidentialit\u00e9 du commerce en ligne<\/h2>\n<\/li>\n<\/ol>\n<p><br \/>Nous sommes les seuls propri\u00e9taires des informations recueillies sur ce site. Vos informations personnelles ne seront pas vendues, \u00e9chang\u00e9es, transf\u00e9r\u00e9es, ou donn\u00e9es \u00e0 une autre soci\u00e9t\u00e9 pour n\u2019importe quel raison, sans votre consentement, en dehors de ce qui est n\u00e9cessaire pour r\u00e9pondre \u00e0 une demande et \/ ou une transaction.<\/p>\n<ol start=\"4\">\n<li>\n<h2>Divulgation \u00e0 des tiers<\/h2>\n<\/li>\n<\/ol>\n<p><br \/>Nous ne vendons, n\u2019\u00e9changeons et ne transf\u00e9rons pas vos informations personnelles identifiables \u00e0 des tiers. Cela ne comprend pas les tierces parties de confiance qui nous aident \u00e0 exploiter notre site Web ou \u00e0 mener nos affaires, tant que ces parties conviennent de garder ces informations confidentielles. Nous pensons qu\u2019il est n\u00e9cessaire de partager des informations afin d\u2019enqu\u00eater, de pr\u00e9venir ou de prendre des mesures concernant des activit\u00e9s ill\u00e9gales, fraudes pr\u00e9sum\u00e9es, situations impliquant des menaces potentielles \u00e0 la s\u00e9curit\u00e9 physique de toute personne, violations de nos conditions d\u2019utilisation, ou quand la loi nous y contraint.<br \/>Les informations non-priv\u00e9es, cependant, peuvent \u00eatre fournies \u00e0 d\u2019autres parties pour le marketing, la publicit\u00e9, ou d\u2019autres utilisations.<\/p>\n<p>\u00a0<\/p>\n<ol start=\"5\">\n<li>\n<h2>Protection des informations<\/h2>\n<\/li>\n<\/ol>\n<p><br \/>Nous mettons en \u0153uvre une vari\u00e9t\u00e9 de mesures de s\u00e9curit\u00e9 pour pr\u00e9server la s\u00e9curit\u00e9 de vos informations personnelles. Nous utilisons un cryptage \u00e0 la pointe de la technologie pour prot\u00e9ger les informations sensibles transmises en ligne. Nous prot\u00e9geons \u00e9galement vos informations hors ligne. Seuls les employ\u00e9s qui ont besoin d\u2019effectuer un travail sp\u00e9cifique (par exemple, la facturation ou le service \u00e0 la client\u00e8le) ont acc\u00e8s aux informations personnelles identifiables. Les ordinateurs et serveurs utilis\u00e9s pour stocker des informations personnelles identifiables sont conserv\u00e9s dans un environnement s\u00e9curis\u00e9.<\/p>\n<p>\u00a0<\/p>\n<p>Est-ce que nous utilisons des cookies ?<br \/>Oui. Nos cookies am\u00e9liorent l\u2019acc\u00e8s \u00e0 notre site et identifient les visiteurs r\u00e9guliers. En outre, nos cookies am\u00e9liorent l\u2019exp\u00e9rience d\u2019utilisateur gr\u00e2ce au suivi et au ciblage de ses int\u00e9r\u00eats. Cependant, cette utilisation des cookies n\u2019est en aucune fa\u00e7on li\u00e9e \u00e0 des informations personnelles identifiables sur notre site.<\/p>\n<ol start=\"6\">\n<li>\n<h2>Se d\u00e9sabonner<\/h2>\n<\/li>\n<\/ol>\n<p><br \/>Nous utilisons l\u2019adresse e-mail que vous fournissez pour vous envoyer des informations et mises \u00e0 jour, des nouvelles de l\u2019entreprise de fa\u00e7on occasionnelle, des informations sur des produits li\u00e9s, etc. Si \u00e0 n\u2019importe quel moment vous souhaitez vous d\u00e9sinscrire et ne plus recevoir d\u2019e-mails, des instructions de d\u00e9sabonnement d\u00e9taill\u00e9es sont incluses en bas de chaque e-mail.<\/p>\n<p>\u00a0<\/p>\n<ol start=\"7\">\n<li>\n<h2>Consentement<\/h2>\n<\/li>\n<\/ol>\n<p><br \/>En utilisant notre site, vous consentez \u00e0 notre politique de confidentialit\u00e9.<\/p>\n<p>\u00a0<\/p>\n<!-- \/wp:paragraph -->\t\t\t\t\t\t<\/div>\n\t\t\t\t<\/div>\n\t\t\t\t\t<\/div>\n\t\t<\/div>\n\t\t\t\t\t\t\t<\/div>\n\t\t<\/section>\n\t\t\t\t\t\t\t<\/div>\n\t\t","protected":false},"excerpt":{"rendered":"<p>Politique de Confidentialit\u00e9 Collecte de l\u2019information Nous recueillons des informations lorsque vous compl\u00e9tez un formulaire sur notre site. Les informations recueillies incluent votre nom, votre pr\u00e9nom, votre num\u00e9ro de t\u00e9l\u00e9phone, votre adresse e-mail et le nom de votre soci\u00e9t\u00e9.En outre, nous recevons et enregistrons automatiquement des informations \u00e0 partir de votre ordinateur et navigateur, y [&hellip;]<\/p>\n","protected":false},"author":1,"featured_media":0,"parent":0,"menu_order":0,"comment_status":"closed","ping_status":"open","template":"","meta":{"footnotes":""},"class_list":["post-3","page","type-page","status-publish","hentry"],"yoast_head":"<!-- This site is optimized with the Yoast SEO plugin v19.6.1 - https:\/\/yoast.com\/wordpress\/plugins\/seo\/ -->\n<title>Politique de confidentialit\u00e9 - La Fonci\u00e8re des r\u00e9seaux<\/title>\n<meta name=\"robots\" content=\"index, follow, max-snippet:-1, max-image-preview:large, max-video-preview:-1\" \/>\n<link rel=\"canonical\" href=\"https:\/\/fonciere-reseaux.fr\/index.php\/politique-de-confidentialite\/\" \/>\n<meta property=\"og:locale\" content=\"en_US\" \/>\n<meta property=\"og:type\" content=\"article\" \/>\n<meta property=\"og:title\" content=\"Politique de confidentialit\u00e9 - La Fonci\u00e8re des r\u00e9seaux\" \/>\n<meta property=\"og:description\" content=\"Politique de Confidentialit\u00e9 Collecte de l\u2019information Nous recueillons des informations lorsque vous compl\u00e9tez un formulaire sur notre site. Les informations recueillies incluent votre nom, votre pr\u00e9nom, votre num\u00e9ro de t\u00e9l\u00e9phone, votre adresse e-mail et le nom de votre soci\u00e9t\u00e9.En outre, nous recevons et enregistrons automatiquement des informations \u00e0 partir de votre ordinateur et navigateur, y [&hellip;]\" \/>\n<meta property=\"og:url\" content=\"https:\/\/fonciere-reseaux.fr\/index.php\/politique-de-confidentialite\/\" \/>\n<meta property=\"og:site_name\" content=\"La Fonci\u00e8re des r\u00e9seaux\" \/>\n<meta property=\"article:modified_time\" content=\"2022-08-27T11:59:15+00:00\" \/>\n<meta name=\"twitter:card\" content=\"summary_large_image\" \/>\n<meta name=\"twitter:label1\" content=\"Est. reading time\" \/>\n\t<meta name=\"twitter:data1\" content=\"3 minutes\" \/>\n<script type=\"application\/ld+json\" class=\"yoast-schema-graph\">{\"@context\":\"https:\/\/schema.org\",\"@graph\":[{\"@type\":\"WebPage\",\"@id\":\"https:\/\/fonciere-reseaux.fr\/index.php\/politique-de-confidentialite\/\",\"url\":\"https:\/\/fonciere-reseaux.fr\/index.php\/politique-de-confidentialite\/\",\"name\":\"Politique de confidentialit\u00e9 - La Fonci\u00e8re des r\u00e9seaux\",\"isPartOf\":{\"@id\":\"https:\/\/fonciere-reseaux.fr\/#website\"},\"datePublished\":\"2022-07-27T13:32:43+00:00\",\"dateModified\":\"2022-08-27T11:59:15+00:00\",\"breadcrumb\":{\"@id\":\"https:\/\/fonciere-reseaux.fr\/index.php\/politique-de-confidentialite\/#breadcrumb\"},\"inLanguage\":\"en-US\",\"potentialAction\":[{\"@type\":\"ReadAction\",\"target\":[\"https:\/\/fonciere-reseaux.fr\/index.php\/politique-de-confidentialite\/\"]}]},{\"@type\":\"BreadcrumbList\",\"@id\":\"https:\/\/fonciere-reseaux.fr\/index.php\/politique-de-confidentialite\/#breadcrumb\",\"itemListElement\":[{\"@type\":\"ListItem\",\"position\":1,\"name\":\"Accueil\",\"item\":\"https:\/\/fonciere-reseaux.fr\/\"},{\"@type\":\"ListItem\",\"position\":2,\"name\":\"Politique de confidentialit\u00e9\"}]},{\"@type\":\"WebSite\",\"@id\":\"https:\/\/fonciere-reseaux.fr\/#website\",\"url\":\"https:\/\/fonciere-reseaux.fr\/\",\"name\":\"La Fonci\u00e8re des r\u00e9seaux\",\"description\":\"Un site utilisant WordPress\",\"publisher\":{\"@id\":\"https:\/\/fonciere-reseaux.fr\/#organization\"},\"potentialAction\":[{\"@type\":\"SearchAction\",\"target\":{\"@type\":\"EntryPoint\",\"urlTemplate\":\"https:\/\/fonciere-reseaux.fr\/?s={search_term_string}\"},\"query-input\":\"required name=search_term_string\"}],\"inLanguage\":\"en-US\"},{\"@type\":\"Organization\",\"@id\":\"https:\/\/fonciere-reseaux.fr\/#organization\",\"name\":\"La Fonci\u00e8re des r\u00e9seaux\",\"url\":\"https:\/\/fonciere-reseaux.fr\/\",\"sameAs\":[],\"logo\":{\"@type\":\"ImageObject\",\"inLanguage\":\"en-US\",\"@id\":\"https:\/\/fonciere-reseaux.fr\/#\/schema\/logo\/image\/\",\"url\":\"https:\/\/fonciere-reseaux.fr\/wp-content\/uploads\/2022\/08\/la-fonciere-des-re\u0301seaux.png\",\"contentUrl\":\"https:\/\/fonciere-reseaux.fr\/wp-content\/uploads\/2022\/08\/la-fonciere-des-re\u0301seaux.png\",\"width\":320,\"height\":350,\"caption\":\"La Fonci\u00e8re des r\u00e9seaux\"},\"image\":{\"@id\":\"https:\/\/fonciere-reseaux.fr\/#\/schema\/logo\/image\/\"}}]}<\/script>\n<!-- \/ Yoast SEO plugin. -->","yoast_head_json":{"title":"Politique de confidentialit\u00e9 - La Fonci\u00e8re des r\u00e9seaux","robots":{"index":"index","follow":"follow","max-snippet":"max-snippet:-1","max-image-preview":"max-image-preview:large","max-video-preview":"max-video-preview:-1"},"canonical":"https:\/\/fonciere-reseaux.fr\/index.php\/politique-de-confidentialite\/","og_locale":"en_US","og_type":"article","og_title":"Politique de confidentialit\u00e9 - La Fonci\u00e8re des r\u00e9seaux","og_description":"Politique de Confidentialit\u00e9 Collecte de l\u2019information Nous recueillons des informations lorsque vous compl\u00e9tez un formulaire sur notre site. Les informations recueillies incluent votre nom, votre pr\u00e9nom, votre num\u00e9ro de t\u00e9l\u00e9phone, votre adresse e-mail et le nom de votre soci\u00e9t\u00e9.En outre, nous recevons et enregistrons automatiquement des informations \u00e0 partir de votre ordinateur et navigateur, y [&hellip;]","og_url":"https:\/\/fonciere-reseaux.fr\/index.php\/politique-de-confidentialite\/","og_site_name":"La Fonci\u00e8re des r\u00e9seaux","article_modified_time":"2022-08-27T11:59:15+00:00","twitter_card":"summary_large_image","twitter_misc":{"Est. reading time":"3 minutes"},"schema":{"@context":"https:\/\/schema.org","@graph":[{"@type":"WebPage","@id":"https:\/\/fonciere-reseaux.fr\/index.php\/politique-de-confidentialite\/","url":"https:\/\/fonciere-reseaux.fr\/index.php\/politique-de-confidentialite\/","name":"Politique de confidentialit\u00e9 - La Fonci\u00e8re des r\u00e9seaux","isPartOf":{"@id":"https:\/\/fonciere-reseaux.fr\/#website"},"datePublished":"2022-07-27T13:32:43+00:00","dateModified":"2022-08-27T11:59:15+00:00","breadcrumb":{"@id":"https:\/\/fonciere-reseaux.fr\/index.php\/politique-de-confidentialite\/#breadcrumb"},"inLanguage":"en-US","potentialAction":[{"@type":"ReadAction","target":["https:\/\/fonciere-reseaux.fr\/index.php\/politique-de-confidentialite\/"]}]},{"@type":"BreadcrumbList","@id":"https:\/\/fonciere-reseaux.fr\/index.php\/politique-de-confidentialite\/#breadcrumb","itemListElement":[{"@type":"ListItem","position":1,"name":"Accueil","item":"https:\/\/fonciere-reseaux.fr\/"},{"@type":"ListItem","position":2,"name":"Politique de confidentialit\u00e9"}]},{"@type":"WebSite","@id":"https:\/\/fonciere-reseaux.fr\/#website","url":"https:\/\/fonciere-reseaux.fr\/","name":"La Fonci\u00e8re des r\u00e9seaux","description":"Un site utilisant WordPress","publisher":{"@id":"https:\/\/fonciere-reseaux.fr\/#organization"},"potentialAction":[{"@type":"SearchAction","target":{"@type":"EntryPoint","urlTemplate":"https:\/\/fonciere-reseaux.fr\/?s={search_term_string}"},"query-input":"required name=search_term_string"}],"inLanguage":"en-US"},{"@type":"Organization","@id":"https:\/\/fonciere-reseaux.fr\/#organization","name":"La Fonci\u00e8re des r\u00e9seaux","url":"https:\/\/fonciere-reseaux.fr\/","sameAs":[],"logo":{"@type":"ImageObject","inLanguage":"en-US","@id":"https:\/\/fonciere-reseaux.fr\/#\/schema\/logo\/image\/","url":"https:\/\/fonciere-reseaux.fr\/wp-content\/uploads\/2022\/08\/la-fonciere-des-re\u0301seaux.png","contentUrl":"https:\/\/fonciere-reseaux.fr\/wp-content\/uploads\/2022\/08\/la-fonciere-des-re\u0301seaux.png","width":320,"height":350,"caption":"La Fonci\u00e8re des r\u00e9seaux"},"image":{"@id":"https:\/\/fonciere-reseaux.fr\/#\/schema\/logo\/image\/"}}]}},"_links":{"self":[{"href":"https:\/\/fonciere-reseaux.fr\/index.php\/wp-json\/wp\/v2\/pages\/3","targetHints":{"allow":["GET"]}}],"collection":[{"href":"https:\/\/fonciere-reseaux.fr\/index.php\/wp-json\/wp\/v2\/pages"}],"about":[{"href":"https:\/\/fonciere-reseaux.fr\/index.php\/wp-json\/wp\/v2\/types\/page"}],"author":[{"embeddable":true,"href":"https:\/\/fonciere-reseaux.fr\/index.php\/wp-json\/wp\/v2\/users\/1"}],"replies":[{"embeddable":true,"href":"https:\/\/fonciere-reseaux.fr\/index.php\/wp-json\/wp\/v2\/comments?post=3"}],"version-history":[{"count":6,"href":"https:\/\/fonciere-reseaux.fr\/index.php\/wp-json\/wp\/v2\/pages\/3\/revisions"}],"predecessor-version":[{"id":239,"href":"https:\/\/fonciere-reseaux.fr\/index.php\/wp-json\/wp\/v2\/pages\/3\/revisions\/239"}],"wp:attachment":[{"href":"https:\/\/fonciere-reseaux.fr\/index.php\/wp-json\/wp\/v2\/media?parent=3"}],"curies":[{"name":"wp","href":"https:\/\/api.w.org\/{rel}","templated":true}]}}