{"id":247,"date":"2022-08-28T20:22:00","date_gmt":"2022-08-28T18:22:00","guid":{"rendered":"https:\/\/fonciere-reseaux.fr\/?page_id=247"},"modified":"2022-08-28T20:27:23","modified_gmt":"2022-08-28T18:27:23","slug":"mentions-legales","status":"publish","type":"page","link":"https:\/\/fonciere-reseaux.fr\/index.php\/mentions-legales\/","title":{"rendered":"Mentions l\u00e9gales"},"content":{"rendered":"\t\t<div data-elementor-type=\"wp-page\" data-elementor-id=\"247\" class=\"elementor elementor-247\">\n\t\t\t\t\t\t\t\t\t<section class=\"elementor-section elementor-top-section elementor-element elementor-element-41405a63 elementor-section-boxed elementor-section-height-default elementor-section-height-default\" data-id=\"41405a63\" data-element_type=\"section\" data-settings=\"{&quot;background_background&quot;:&quot;classic&quot;}\">\n\t\t\t\t\t\t<div class=\"elementor-container elementor-column-gap-default\">\n\t\t\t\t\t<div class=\"elementor-column elementor-col-100 elementor-top-column elementor-element elementor-element-3b7c9008\" data-id=\"3b7c9008\" data-element_type=\"column\">\n\t\t\t<div class=\"elementor-widget-wrap elementor-element-populated\">\n\t\t\t\t\t\t\t\t<div class=\"elementor-element elementor-element-b564481 elementor-widget elementor-widget-heading\" data-id=\"b564481\" data-element_type=\"widget\" data-widget_type=\"heading.default\">\n\t\t\t\t<div class=\"elementor-widget-container\">\n\t\t\t<style>\/*! elementor - v3.7.1 - 14-08-2022 *\/\n.elementor-heading-title{padding:0;margin:0;line-height:1}.elementor-widget-heading .elementor-heading-title[class*=elementor-size-]>a{color:inherit;font-size:inherit;line-height:inherit}.elementor-widget-heading .elementor-heading-title.elementor-size-small{font-size:15px}.elementor-widget-heading .elementor-heading-title.elementor-size-medium{font-size:19px}.elementor-widget-heading .elementor-heading-title.elementor-size-large{font-size:29px}.elementor-widget-heading .elementor-heading-title.elementor-size-xl{font-size:39px}.elementor-widget-heading .elementor-heading-title.elementor-size-xxl{font-size:59px}<\/style><h2 class=\"elementor-heading-title elementor-size-default\">Mentions L\u00e9gales<\/h2>\t\t<\/div>\n\t\t\t\t<\/div>\n\t\t\t\t<div class=\"elementor-element elementor-element-89ad90e elementor-widget elementor-widget-text-editor\" data-id=\"89ad90e\" data-element_type=\"widget\" data-widget_type=\"text-editor.default\">\n\t\t\t\t<div class=\"elementor-widget-container\">\n\t\t\t<style>\/*! elementor - v3.7.1 - 14-08-2022 *\/\n.elementor-widget-text-editor.elementor-drop-cap-view-stacked .elementor-drop-cap{background-color:#818a91;color:#fff}.elementor-widget-text-editor.elementor-drop-cap-view-framed .elementor-drop-cap{color:#818a91;border:3px solid;background-color:transparent}.elementor-widget-text-editor:not(.elementor-drop-cap-view-default) .elementor-drop-cap{margin-top:8px}.elementor-widget-text-editor:not(.elementor-drop-cap-view-default) .elementor-drop-cap-letter{width:1em;height:1em}.elementor-widget-text-editor .elementor-drop-cap{float:left;text-align:center;line-height:1;font-size:50px}.elementor-widget-text-editor .elementor-drop-cap-letter{display:inline-block}<\/style>\t\t\t\t<p><!-- wp:heading --><\/p>\n<p>Conform\u00e9ment \u00e0 l\u2019Article n\u00b06 de la Loi n\u00b02004-575 du 21 Juin 2004 pour la<br \/>confiance dans l\u2019\u00e9conomie num\u00e9rique, les responsables du pr\u00e9sent site<br \/>sont pr\u00e9sent\u00e9s ci-apr\u00e8s :\u00a0<\/p>\n<h2><strong>\u00c9DITEUR<\/strong><\/h2>\n<p>Vous \u00eates actuellement connect\u00e9(e) sur le site fonciere-reseaux.fr, \u00e9dit\u00e9 par<br \/>la soci\u00e9t\u00e9 SARL JIM 17 A chemin du Boudard 13260 Cassis, France, forme<br \/>juridique au capital de 30 000 euros, inscrite au RCS de Marseille sous le<br \/>num\u00e9ro B 429 633 266.<br \/>Directeur des publications : Madame St\u00e9phanie Soudrain.<br \/>Contact : stephanie@fonciere-reseaux.fr<\/p>\n<h2><strong>CONCEPTION<\/strong><\/h2>\n<p>JIM \u2013 La Fonci\u00e8re des R\u00e9seaux<br \/>17A chemin du Boudard<br \/>13260 Cassis<br \/>Tel\u00a0: 06 62 44 08 19<br \/>bienvenue@fonciere-reseaux.fr<\/p>\n<h2><strong>H\u00c9BERGEMENT<\/strong><\/h2>\n<p>OVH SAS \u2013 2 rue Kellermann \u2013 59100 Roubaix, France<\/p>\n<h2><strong>DONN\u00c9ES \u00c0 CARACT\u00c8RE PERSONNEL<\/strong><\/h2>\n<p>Le site fonciere-reseaux.fr peut \u00eatre amen\u00e9 \u00e0 vous demander l\u2019acceptation<br \/>des cookies pour des besoins de statistiques et d\u2019affichage. Un cookie est<br \/>une information d\u00e9pos\u00e9e sur votre disque dur par le serveur du site que<br \/>vous visitez. Il contient plusieurs donn\u00e9es qui sont stock\u00e9es sur votre<br \/>ordinateur dans un simple fichier texte auquel un serveur acc\u00e8de pour lire<br \/>et enregistrer des informations. Certaines parties de ce site ne peuvent \u00eatre<br \/>fonctionnelles sans l\u2019acceptation de cookies.<\/p>\n<p>De mani\u00e8re g\u00e9n\u00e9rale, vous n\u2019\u00eates pas tenu de nous communiquer vos<br \/>donn\u00e9es personnelles lorsque vous visitez notre site Internet fonciere-<br \/>reseaux.fr<br \/>Cependant, ce principe comporte certaines exceptions. En effet, pour<br \/>certains services propos\u00e9s par notre site, vous pouvez \u00eatre amen\u00e9s \u00e0 nous<br \/>communiquer certaines donn\u00e9es telles que : votre nom, votre pr\u00e9nom et<br \/>votre adresse \u00e9lectronique. Le formulaire contenu sur ce site dans la<br \/>rubrique \u201cContact\u201d a fait l\u2019objet d\u2019une d\u00e9claration aupr\u00e8s de la CNIL.<br \/>Conform\u00e9ment \u00e0 la loi \u00ab informatique et libert\u00e9s \u00bb du 6 janvier 1978, vous<br \/>b\u00e9n\u00e9ficiez d\u2019un droit d\u2019acc\u00e8s et de rectification aux informations qui vous<br \/>concernent.<br \/>Si vous souhaitez exercer ce droit et obtenir la communication des<br \/>informations vous concernant, veuillez adresser un message \u00e0 :<br \/>bienvenue@fonciere-reseaux.fr<br \/>Vous pouvez \u00e9galement, pour des motifs l\u00e9gitimes, vous opposer au<br \/>traitement des donn\u00e9es vous concernant.<br \/>Dans tous les cas, vous pouvez refuser de fournir vos donn\u00e9es<br \/>personnelles. Dans ce cas, vous ne pourrez pas utiliser les services du site,<br \/>notamment celui de solliciter des renseignements sur notre soci\u00e9t\u00e9.<br \/>Nous pouvons collecter de mani\u00e8re automatique certaines informations<br \/>vous concernant lors d\u2019une simple navigation sur notre site Internet,<br \/>notamment : des informations concernant l\u2019utilisation de notre site, comme<br \/>les zones que vous visitez et les services auxquels vous acc\u00e9dez, votre<br \/>adresse IP, le type de votre navigateur, vos temps d\u2019acc\u00e8s. De telles<br \/>informations sont utilis\u00e9es exclusivement \u00e0 des fins de statistiques internes,<br \/>de mani\u00e8re \u00e0 am\u00e9liorer la qualit\u00e9 des services qui vous sont propos\u00e9s.<br \/>Les bases de donn\u00e9es sont prot\u00e9g\u00e9es par les dispositions de la loi du 1er<br \/>juillet 1998 transposant la directive 96\/9 du 11 mars 1996 relative \u00e0 la<br \/>protection juridique des bases de donn\u00e9es.<\/p>\n<h2><strong>DROIT D&#8217;AUTEUR<\/strong><\/h2>\n<p>Le site fonciere-reseaux.fr et les contenus du site sont couverts par le droit<br \/>de la propri\u00e9t\u00e9 intellectuelle, notamment par les articles L.111-1, L.112-2 et<br \/>L.341-1 du code de la propri\u00e9t\u00e9 intellectuelle.\u00a0<\/p>\n<p>Tous les droits d\u2019exploitation sont r\u00e9serv\u00e9s, y compris pour les documents<br \/>t\u00e9l\u00e9chargeables et les repr\u00e9sentations iconographiques et<br \/>photographiques.\u00a0<\/p>\n<p>Toute reproduction, repr\u00e9sentation, utilisation ou modification, par quelque<br \/>proc\u00e9d\u00e9 que ce soit, de tout ou partie du site, de tout ou partie des<br \/>diff\u00e9rents documents qui le composent, sans avoir obtenu l\u2019autorisation<br \/>pr\u00e9alable de La Fonci\u00e8re des R\u00e9seaux et des \u00e9ventuels auteurs ou leurs<br \/>ayants-droit, est strictement interdite et constitue un d\u00e9lit de contrefa\u00e7on<br \/>(article L.122-4 du code de la propri\u00e9t\u00e9 intellectuelle).\u00a0<\/p>\n<p>Seule une utilisation \u00e0 des fins strictement personnelles est autoris\u00e9e.<\/p>\n<p><!-- \/wp:paragraph --><\/p>\t\t\t\t\t\t<\/div>\n\t\t\t\t<\/div>\n\t\t\t\t\t<\/div>\n\t\t<\/div>\n\t\t\t\t\t\t\t<\/div>\n\t\t<\/section>\n\t\t\t\t\t\t\t<\/div>\n\t\t","protected":false},"excerpt":{"rendered":"<p>Mentions L\u00e9gales Conform\u00e9ment \u00e0 l\u2019Article n\u00b06 de la Loi n\u00b02004-575 du 21 Juin 2004 pour laconfiance dans l\u2019\u00e9conomie num\u00e9rique, les responsables du pr\u00e9sent sitesont pr\u00e9sent\u00e9s ci-apr\u00e8s :\u00a0 \u00c9DITEUR Vous \u00eates actuellement connect\u00e9(e) sur le site fonciere-reseaux.fr, \u00e9dit\u00e9 parla soci\u00e9t\u00e9 SARL JIM 17 A chemin du Boudard 13260 Cassis, France, formejuridique au capital de 30 000 [&hellip;]<\/p>\n","protected":false},"author":1,"featured_media":0,"parent":0,"menu_order":0,"comment_status":"closed","ping_status":"open","template":"","meta":{"footnotes":""},"class_list":["post-247","page","type-page","status-publish","hentry"],"yoast_head":"<!-- This site is optimized with the Yoast SEO plugin v19.6.1 - https:\/\/yoast.com\/wordpress\/plugins\/seo\/ -->\n<title>Mentions l\u00e9gales - La Fonci\u00e8re des r\u00e9seaux<\/title>\n<meta name=\"robots\" content=\"index, follow, max-snippet:-1, max-image-preview:large, max-video-preview:-1\" \/>\n<link rel=\"canonical\" href=\"https:\/\/fonciere-reseaux.fr\/index.php\/mentions-legales\/\" \/>\n<meta property=\"og:locale\" content=\"en_US\" \/>\n<meta property=\"og:type\" content=\"article\" \/>\n<meta property=\"og:title\" content=\"Mentions l\u00e9gales - La Fonci\u00e8re des r\u00e9seaux\" \/>\n<meta property=\"og:description\" content=\"Mentions L\u00e9gales Conform\u00e9ment \u00e0 l\u2019Article n\u00b06 de la Loi n\u00b02004-575 du 21 Juin 2004 pour laconfiance dans l\u2019\u00e9conomie num\u00e9rique, les responsables du pr\u00e9sent sitesont pr\u00e9sent\u00e9s ci-apr\u00e8s :\u00a0 \u00c9DITEUR Vous \u00eates actuellement connect\u00e9(e) sur le site fonciere-reseaux.fr, \u00e9dit\u00e9 parla soci\u00e9t\u00e9 SARL JIM 17 A chemin du Boudard 13260 Cassis, France, formejuridique au capital de 30 000 [&hellip;]\" \/>\n<meta property=\"og:url\" content=\"https:\/\/fonciere-reseaux.fr\/index.php\/mentions-legales\/\" \/>\n<meta property=\"og:site_name\" content=\"La Fonci\u00e8re des r\u00e9seaux\" \/>\n<meta property=\"article:modified_time\" content=\"2022-08-28T18:27:23+00:00\" \/>\n<meta name=\"twitter:card\" content=\"summary_large_image\" \/>\n<meta name=\"twitter:label1\" content=\"Est. reading time\" \/>\n\t<meta name=\"twitter:data1\" content=\"3 minutes\" \/>\n<script type=\"application\/ld+json\" class=\"yoast-schema-graph\">{\"@context\":\"https:\/\/schema.org\",\"@graph\":[{\"@type\":\"WebPage\",\"@id\":\"https:\/\/fonciere-reseaux.fr\/index.php\/mentions-legales\/\",\"url\":\"https:\/\/fonciere-reseaux.fr\/index.php\/mentions-legales\/\",\"name\":\"Mentions l\u00e9gales - La Fonci\u00e8re des r\u00e9seaux\",\"isPartOf\":{\"@id\":\"https:\/\/fonciere-reseaux.fr\/#website\"},\"datePublished\":\"2022-08-28T18:22:00+00:00\",\"dateModified\":\"2022-08-28T18:27:23+00:00\",\"breadcrumb\":{\"@id\":\"https:\/\/fonciere-reseaux.fr\/index.php\/mentions-legales\/#breadcrumb\"},\"inLanguage\":\"en-US\",\"potentialAction\":[{\"@type\":\"ReadAction\",\"target\":[\"https:\/\/fonciere-reseaux.fr\/index.php\/mentions-legales\/\"]}]},{\"@type\":\"BreadcrumbList\",\"@id\":\"https:\/\/fonciere-reseaux.fr\/index.php\/mentions-legales\/#breadcrumb\",\"itemListElement\":[{\"@type\":\"ListItem\",\"position\":1,\"name\":\"Accueil\",\"item\":\"https:\/\/fonciere-reseaux.fr\/\"},{\"@type\":\"ListItem\",\"position\":2,\"name\":\"Mentions l\u00e9gales\"}]},{\"@type\":\"WebSite\",\"@id\":\"https:\/\/fonciere-reseaux.fr\/#website\",\"url\":\"https:\/\/fonciere-reseaux.fr\/\",\"name\":\"La Fonci\u00e8re des r\u00e9seaux\",\"description\":\"Un site utilisant WordPress\",\"publisher\":{\"@id\":\"https:\/\/fonciere-reseaux.fr\/#organization\"},\"potentialAction\":[{\"@type\":\"SearchAction\",\"target\":{\"@type\":\"EntryPoint\",\"urlTemplate\":\"https:\/\/fonciere-reseaux.fr\/?s={search_term_string}\"},\"query-input\":\"required name=search_term_string\"}],\"inLanguage\":\"en-US\"},{\"@type\":\"Organization\",\"@id\":\"https:\/\/fonciere-reseaux.fr\/#organization\",\"name\":\"La Fonci\u00e8re des r\u00e9seaux\",\"url\":\"https:\/\/fonciere-reseaux.fr\/\",\"sameAs\":[],\"logo\":{\"@type\":\"ImageObject\",\"inLanguage\":\"en-US\",\"@id\":\"https:\/\/fonciere-reseaux.fr\/#\/schema\/logo\/image\/\",\"url\":\"https:\/\/fonciere-reseaux.fr\/wp-content\/uploads\/2022\/08\/la-fonciere-des-re\u0301seaux.png\",\"contentUrl\":\"https:\/\/fonciere-reseaux.fr\/wp-content\/uploads\/2022\/08\/la-fonciere-des-re\u0301seaux.png\",\"width\":320,\"height\":350,\"caption\":\"La Fonci\u00e8re des r\u00e9seaux\"},\"image\":{\"@id\":\"https:\/\/fonciere-reseaux.fr\/#\/schema\/logo\/image\/\"}}]}<\/script>\n<!-- \/ Yoast SEO plugin. -->","yoast_head_json":{"title":"Mentions l\u00e9gales - La Fonci\u00e8re des r\u00e9seaux","robots":{"index":"index","follow":"follow","max-snippet":"max-snippet:-1","max-image-preview":"max-image-preview:large","max-video-preview":"max-video-preview:-1"},"canonical":"https:\/\/fonciere-reseaux.fr\/index.php\/mentions-legales\/","og_locale":"en_US","og_type":"article","og_title":"Mentions l\u00e9gales - La Fonci\u00e8re des r\u00e9seaux","og_description":"Mentions L\u00e9gales Conform\u00e9ment \u00e0 l\u2019Article n\u00b06 de la Loi n\u00b02004-575 du 21 Juin 2004 pour laconfiance dans l\u2019\u00e9conomie num\u00e9rique, les responsables du pr\u00e9sent sitesont pr\u00e9sent\u00e9s ci-apr\u00e8s :\u00a0 \u00c9DITEUR Vous \u00eates actuellement connect\u00e9(e) sur le site fonciere-reseaux.fr, \u00e9dit\u00e9 parla soci\u00e9t\u00e9 SARL JIM 17 A chemin du Boudard 13260 Cassis, France, formejuridique au capital de 30 000 [&hellip;]","og_url":"https:\/\/fonciere-reseaux.fr\/index.php\/mentions-legales\/","og_site_name":"La Fonci\u00e8re des r\u00e9seaux","article_modified_time":"2022-08-28T18:27:23+00:00","twitter_card":"summary_large_image","twitter_misc":{"Est. reading time":"3 minutes"},"schema":{"@context":"https:\/\/schema.org","@graph":[{"@type":"WebPage","@id":"https:\/\/fonciere-reseaux.fr\/index.php\/mentions-legales\/","url":"https:\/\/fonciere-reseaux.fr\/index.php\/mentions-legales\/","name":"Mentions l\u00e9gales - La Fonci\u00e8re des r\u00e9seaux","isPartOf":{"@id":"https:\/\/fonciere-reseaux.fr\/#website"},"datePublished":"2022-08-28T18:22:00+00:00","dateModified":"2022-08-28T18:27:23+00:00","breadcrumb":{"@id":"https:\/\/fonciere-reseaux.fr\/index.php\/mentions-legales\/#breadcrumb"},"inLanguage":"en-US","potentialAction":[{"@type":"ReadAction","target":["https:\/\/fonciere-reseaux.fr\/index.php\/mentions-legales\/"]}]},{"@type":"BreadcrumbList","@id":"https:\/\/fonciere-reseaux.fr\/index.php\/mentions-legales\/#breadcrumb","itemListElement":[{"@type":"ListItem","position":1,"name":"Accueil","item":"https:\/\/fonciere-reseaux.fr\/"},{"@type":"ListItem","position":2,"name":"Mentions l\u00e9gales"}]},{"@type":"WebSite","@id":"https:\/\/fonciere-reseaux.fr\/#website","url":"https:\/\/fonciere-reseaux.fr\/","name":"La Fonci\u00e8re des r\u00e9seaux","description":"Un site utilisant WordPress","publisher":{"@id":"https:\/\/fonciere-reseaux.fr\/#organization"},"potentialAction":[{"@type":"SearchAction","target":{"@type":"EntryPoint","urlTemplate":"https:\/\/fonciere-reseaux.fr\/?s={search_term_string}"},"query-input":"required name=search_term_string"}],"inLanguage":"en-US"},{"@type":"Organization","@id":"https:\/\/fonciere-reseaux.fr\/#organization","name":"La Fonci\u00e8re des r\u00e9seaux","url":"https:\/\/fonciere-reseaux.fr\/","sameAs":[],"logo":{"@type":"ImageObject","inLanguage":"en-US","@id":"https:\/\/fonciere-reseaux.fr\/#\/schema\/logo\/image\/","url":"https:\/\/fonciere-reseaux.fr\/wp-content\/uploads\/2022\/08\/la-fonciere-des-re\u0301seaux.png","contentUrl":"https:\/\/fonciere-reseaux.fr\/wp-content\/uploads\/2022\/08\/la-fonciere-des-re\u0301seaux.png","width":320,"height":350,"caption":"La Fonci\u00e8re des r\u00e9seaux"},"image":{"@id":"https:\/\/fonciere-reseaux.fr\/#\/schema\/logo\/image\/"}}]}},"_links":{"self":[{"href":"https:\/\/fonciere-reseaux.fr\/index.php\/wp-json\/wp\/v2\/pages\/247","targetHints":{"allow":["GET"]}}],"collection":[{"href":"https:\/\/fonciere-reseaux.fr\/index.php\/wp-json\/wp\/v2\/pages"}],"about":[{"href":"https:\/\/fonciere-reseaux.fr\/index.php\/wp-json\/wp\/v2\/types\/page"}],"author":[{"embeddable":true,"href":"https:\/\/fonciere-reseaux.fr\/index.php\/wp-json\/wp\/v2\/users\/1"}],"replies":[{"embeddable":true,"href":"https:\/\/fonciere-reseaux.fr\/index.php\/wp-json\/wp\/v2\/comments?post=247"}],"version-history":[{"count":8,"href":"https:\/\/fonciere-reseaux.fr\/index.php\/wp-json\/wp\/v2\/pages\/247\/revisions"}],"predecessor-version":[{"id":255,"href":"https:\/\/fonciere-reseaux.fr\/index.php\/wp-json\/wp\/v2\/pages\/247\/revisions\/255"}],"wp:attachment":[{"href":"https:\/\/fonciere-reseaux.fr\/index.php\/wp-json\/wp\/v2\/media?parent=247"}],"curies":[{"name":"wp","href":"https:\/\/api.w.org\/{rel}","templated":true}]}}